{"id":73,"date":"2023-03-24T06:54:58","date_gmt":"2023-03-24T06:54:58","guid":{"rendered":"https:\/\/cozystay.loftocean.com\/mountain-chalet\/?page_id=73"},"modified":"2026-03-20T05:42:38","modified_gmt":"2026-03-20T05:42:38","slug":"about-the-hotel","status":"publish","type":"page","link":"https:\/\/sejour-parfait.com\/?page_id=73","title":{"rendered":"\u00c0 propos de nous"},"content":{"rendered":"\t\t<div data-elementor-type=\"wp-page\" data-elementor-id=\"73\" class=\"elementor elementor-73\" data-elementor-post-type=\"page\">\n\t\t\t\t\t\t\t\t<div class=\"premium-shape-divider__shape-container\" id=\"premium-shape-divider-98f5a3c\" style=\"visibility:hidden; position: absolute; opacity:0;\">\r\n\t\t\t\t\t<svg xmlns='http:\/\/www.w3.org\/2000\/svg' aria-hidden='true' viewBox='0 0 400 61.7' preserveAspectRatio='none'><path  d='M400,61.7V17.9c-0.1-1.1-0.4-3.5-0.4-3.5c0-0.4-4-1.2-4,1.2c0,1.3-3.9,1.7-3.9,3.1c0-1-5.1-0.5-5.1,0  c0,0.1-4,2.6-4,2.7c0-0.6-4.8,2.1-4.8,0.9c0-1.3-5,0-5,0.2c0,0.8-3.8,2.6-3.8,3.3c0,0.3-4.7,0.5-4.7,1c0-1.1-3.9,3.4-3.9,2.9  c0-0.2-5.1-0.4-5.1,0.1c0-1.1-4.4,1.1-4.4,1.6c0,2.3-4.3,2.6-4.3,3.4c0,0.8-5.3-2.8-5.3-2.1c0-1.2-5.3-0.6-5.3,0.2  c0-0.4-5.1,2.8-5.1,1.8c0,0.6-4.7-0.1-4.7,0.6c0,0.9-3.4,3-3.4,2.9c0,0.2-3.4,2.4-3.4,2.8c0,1.2-4.8,0.3-4.8,0.1  c0-0.5-4.5,0.5-4.5,0.4c0-0.3-4.6,2.7-4.6,3c0-0.5-4.7-1.4-4.7-2c0,1-4.6,2-4.6,0.9c0,1-4.7,0.8-4.7-0.7c0,0-4.7-0.8-4.7,0.1  c0-0.2-4.6,2.1-4.6,2.2c0-0.1-4.6-0.7-4.6,0.5c0,0.3-4.3-1-4.3-0.6c0-0.1-3.9-2.8-3.9-1.9c0-0.5-3.9-2.1-3.9-2.7c0,0.8-3-3.4-3-3.7  c0,0.1-3.9-1.1-3.9-2.7c0-0.2-4.6-0.2-4.6-0.9c0-0.4-5.1-0.5-5.1-0.7c0-0.2-3.7,3.5-3.7,3.8c0-1.4-3.9,3.1-3.9,2.8  c0-1-4.7,0.5-4.7,1.7c0,0.5-4,0.5-4,1.7c0,0.1-3.6,3.3-3.6,2.9c0-1.3-4.4-0.2-4.4,0.9c0,0.7-4.6-1.2-4.6-0.1c0-1.2-4.1,1.4-4.1,1.7  c0,0.9-4.5-1.6-4.5-0.9c0,1.1-4.1,3.2-4.1,2.7c0-0.1-4.4,1.1-4.4,0.7c0,0.6-4.4,0.1-4.4-0.9c0,1.6-4.4-2.1-4.4-1.8  c0,1.2-4.3,3.9-4.3,2.9c0,0.1-4.3-1.3-4.3-0.6c0,2.1-4.4,0.8-4.4,0.4c0-0.7-3.8-4-3.8-3.4c0-1.7-3.6-2.5-3.6-2.1  c0-0.3-4.2-1.4-4.2-1c0-0.4-4.1,0.4-4.1-1.5c0-1.1-4.6,0.8-4.6-0.6c0,0.2-3.1-3.9-3.1-4c0,0.7-4.4-2.2-4.4-1.6c0,1-4.4-1.6-4.4-1.6  c0-0.4-4.9,0.8-4.9,0.3c0,0.7-4.6-0.2-4.6-0.3c0,0.3-4.4-0.6-4.4-1.4c0-0.4-4.6-1.7-4.6-1.8c0,0.4-4.7,0.6-4.7,0.9  c0,0-4.5,3-4.5,1.4c0,1.9-4.4,0.9-4.4,1.4c0-0.2-5.2-2-5.2-1.8c0,0.6-4.2,2.5-4.2,2.2c0,1.2-3.7,3.9-3.7,3.5c0-0.2-4.4,0.9-4.4,1.6  c0,0.8-5.1-0.2-5.1-0.8c0,0.4-4.5,1.5-4.5,1.5c0,0.7-4.7-0.9-4.7-0.8c0,0.3-4.4-0.7-4.4-1.4c0-0.8-4.7-0.9-4.7-0.1  c0-0.1-4.4-2.5-4.4-1.4c0-0.3-5.1,2-5.1,0.9c0-1.3-4.1-2.5-4.1-2.5c0,0.1-4.5-1.3-4.5-2.5c0-0.6-4.8,3.5-4.8,2.2  c0-0.9-4.3,2.5-4.3,2.4c0-0.6-5.4-1.1-5.4-1.8c0-1.3-4.1,4.2-4.1,3c0-0.2-5.1-0.5-5.1-0.7c0-0.5-3.9,1.2-3.9,1.3  c0-0.3-4.1-0.6-4.1-0.3c0-0.4-4.3,1.3-4.3,1c0,0.2-4.6,0.8-4.6-0.2c0-0.1-2.8-2.7-2.8-3.8c0-2-4.3-0.8-4.3-2c0,0.6-4.5,0.8-4.5-1.6  c0,0.2-2.6-5.2-2.6-4.7c0,1-1.9,0.1-3.2-0.5l0,33.9H400z'\/><\/svg>\t\t\t\t<\/div>\r\n\t\t\t<div class=\"elementor-element elementor-element-98f5a3c premium-shape-divider-yes premium-shape8 e-con-full e-flex premium-shape-divider__default premium-shape-divider-anime-yes premium-sh-no-stretch-yes e-con e-parent\" data-id=\"98f5a3c\" data-element_type=\"container\" data-e-type=\"container\" data-settings=\"{&quot;background_background&quot;:&quot;classic&quot;}\">\n\t\t\t\t<div class=\"elementor-element elementor-element-a359881 premium-title-color elementor-widget elementor-widget-premium-addon-title\" data-id=\"a359881\" data-element_type=\"widget\" data-e-type=\"widget\" data-widget_type=\"premium-addon-title.default\">\n\t\t\t\t\t\r\n\t\t<div class=\"premium-title-container style1\">\r\n\t\t\t<h2 class=\"premium-title-header premium-title-style1\">\r\n\t\t\t\t\r\n\t\t\t\t\r\n\t\t\t\t\t\t\t\t\t\t\t\t<span class=\"premium-title-text\">\r\n\t\t\t\t\t\t\t\t\t<\/span>\r\n\t\t\t\t\t\r\n\t\t\t\t\t\t\t\t\r\n\t\t\t\t\t\t\t<\/h2>\r\n\r\n\t\t<\/div>\r\n\r\n\t\t\t\t\t\t<\/div>\n\t\t\t\t<\/div>\n\t\t\t\t<section class=\"elementor-section elementor-top-section elementor-element elementor-element-45e60f74 cs-section-content-fullwidth elementor-section-boxed elementor-section-height-default elementor-section-height-default\" data-id=\"45e60f74\" data-element_type=\"section\" data-e-type=\"section\" data-settings=\"{&quot;background_background&quot;:&quot;classic&quot;}\">\n\t\t\t\t\t\t<div class=\"elementor-container elementor-column-gap-no\">\n\t\t\t\t\t<div class=\"elementor-column elementor-col-100 elementor-top-column elementor-element elementor-element-12d88af2\" data-id=\"12d88af2\" data-element_type=\"column\" data-e-type=\"column\">\n\t\t\t<div class=\"elementor-widget-wrap elementor-element-populated\">\n\t\t\t\t\t\t<div class=\"elementor-element elementor-element-8a039c7 premium-header-block elementor-widget__width-initial premium-title-first-noise-yes premium-lq__none premium-box-lq__none elementor-widget elementor-widget-premium-addon-dual-header\" data-id=\"8a039c7\" data-element_type=\"widget\" data-e-type=\"widget\" data-widget_type=\"premium-addon-dual-header.default\">\n\t\t\t\t\t\n\t\t<div class=\"elementor-widget-container\">\n\t\t\t\t\t<h2 class=\"premium-dual-header-first-header \"><span class=\"premium-dual-header-first-span\" data-text=\"\u00c0 propos de sejour-parfait \">\u00c0 propos de sejour-parfait <\/span><\/h2> \t\t\t\t<\/div>\n\n\t\t\t\t\t\t<\/div>\n\t\t\t\t<div class=\"elementor-element elementor-element-37b7ac7 premium-header-block elementor-widget__width-initial premium-lq__none premium-box-lq__none elementor-widget elementor-widget-premium-addon-dual-header\" data-id=\"37b7ac7\" data-element_type=\"widget\" data-e-type=\"widget\" data-widget_type=\"premium-addon-dual-header.default\">\n\t\t\t\t\t\n\t\t<div class=\"elementor-widget-container\">\n\t\t\t\t\t<h2 class=\"premium-dual-header-first-header \"><span class=\"premium-dual-header-first-span\">Notre vision, notre engagement <\/span><span class=\"premium-dual-header-second-header \">Nous ne sommes pas une plateforme de location anonyme. Nous sommes une s\u00e9lection d'adresses de caract\u00e8re, choisies pour leur \u00e2me, leur silence et leur capacit\u00e9 \u00e0 vous offrir cette d\u00e9connexion dont vous avez besoin. Notre mission est simple : faire en sorte que votre prochain s\u00e9jour ne soit pas juste une parenth\u00e8se, mais un souvenir durable.<\/span><\/h2> \t\t\t\t<\/div>\n\n\t\t\t\t\t\t<\/div>\n\t\t\t\t\t<\/div>\n\t\t<\/div>\n\t\t\t\t\t<\/div>\n\t\t<\/section>\n\t\t<div class=\"elementor-element elementor-element-c787eb2 e-con-full e-flex e-con e-parent\" data-id=\"c787eb2\" data-element_type=\"container\" data-e-type=\"container\" data-settings=\"{&quot;background_background&quot;:&quot;classic&quot;}\">\n\t\t<div class=\"elementor-element elementor-element-7c1b5bf e-flex e-con-boxed e-con e-child\" data-id=\"7c1b5bf\" data-element_type=\"container\" data-e-type=\"container\">\n\t\t\t\t\t<div class=\"e-con-inner\">\n\t\t<div class=\"elementor-element elementor-element-bd7bd67 e-con-full e-flex e-con e-child\" data-id=\"bd7bd67\" data-element_type=\"container\" data-e-type=\"container\">\n\t\t<div class=\"elementor-element elementor-element-6fcdfe5 e-con-full e-flex e-con e-child\" data-id=\"6fcdfe5\" data-element_type=\"container\" data-e-type=\"container\">\n\t\t\t\t<div class=\"elementor-element elementor-element-018462b elementor-widget elementor-widget-image\" data-id=\"018462b\" data-element_type=\"widget\" data-e-type=\"widget\" data-widget_type=\"image.default\">\n\t\t\t\t\t\t\t\t\t\t\t\t\t\t\t<img fetchpriority=\"high\" decoding=\"async\" width=\"1440\" height=\"800\" src=\"https:\/\/sejour-parfait.com\/wp-content\/uploads\/2026\/03\/Homepageimagewithoverlay.jpeg\" class=\"attachment-full size-full wp-image-2218\" alt=\"\" srcset=\"https:\/\/sejour-parfait.com\/wp-content\/uploads\/2026\/03\/Homepageimagewithoverlay.jpeg 1440w, https:\/\/sejour-parfait.com\/wp-content\/uploads\/2026\/03\/Homepageimagewithoverlay-150x83.jpeg 150w, https:\/\/sejour-parfait.com\/wp-content\/uploads\/2026\/03\/Homepageimagewithoverlay-600x333.jpeg 600w, https:\/\/sejour-parfait.com\/wp-content\/uploads\/2026\/03\/Homepageimagewithoverlay-300x167.jpeg 300w, https:\/\/sejour-parfait.com\/wp-content\/uploads\/2026\/03\/Homepageimagewithoverlay-1024x569.jpeg 1024w, https:\/\/sejour-parfait.com\/wp-content\/uploads\/2026\/03\/Homepageimagewithoverlay-768x427.jpeg 768w, https:\/\/sejour-parfait.com\/wp-content\/uploads\/2026\/03\/Homepageimagewithoverlay-1200x667.jpeg 1200w, https:\/\/sejour-parfait.com\/wp-content\/uploads\/2026\/03\/Homepageimagewithoverlay-780x433.jpeg 780w, https:\/\/sejour-parfait.com\/wp-content\/uploads\/2026\/03\/Homepageimagewithoverlay-550x306.jpeg 550w, https:\/\/sejour-parfait.com\/wp-content\/uploads\/2026\/03\/Homepageimagewithoverlay-370x206.jpeg 370w, https:\/\/sejour-parfait.com\/wp-content\/uploads\/2026\/03\/Homepageimagewithoverlay-255x142.jpeg 255w\" sizes=\"(max-width: 1440px) 100vw, 1440px\" \/>\t\t\t\t\t\t\t\t\t\t\t\t\t\t\t<\/div>\n\t\t\t\t<\/div>\n\t\t<div class=\"elementor-element elementor-element-7169858 e-con-full e-flex e-con e-child\" data-id=\"7169858\" data-element_type=\"container\" data-e-type=\"container\">\n\t\t\t\t<div class=\"elementor-element elementor-element-b9b9eaf elementor-widget elementor-widget-cs_title\" data-id=\"b9b9eaf\" data-element_type=\"widget\" data-e-type=\"widget\" data-widget_type=\"cs_title.default\">\n\t\t\t\t<div class=\"elementor-widget-container\">\n\t\t\t\t\t\n        <div class=\"cs-title-wrap\">\t            <h3 class=\"cs-title\">\n\t                L\u2019Authenticit\u00e9 avant tout\t            <\/h3>\t            <div class=\"cs-title-text\">\n\t                <p>Chaque emplacement est rigoureusement visit\u00e9 et valid\u00e9 par notre \u00e9quipe. Nous privil\u00e9gions les propri\u00e9t\u00e9s qui respectent leur environnement et racontent une histoire r\u00e9gionale.<\/p>\t            <\/div>        <\/div>\t\t\t\t<\/div>\n\t\t\t\t<\/div>\n\t\t\t\t<div class=\"elementor-element elementor-element-f73ead0 elementor-widget elementor-widget-cs_title\" data-id=\"f73ead0\" data-element_type=\"widget\" data-e-type=\"widget\" data-widget_type=\"cs_title.default\">\n\t\t\t\t<div class=\"elementor-widget-container\">\n\t\t\t\t\t\n        <div class=\"cs-title-wrap\">\t            <h3 class=\"cs-title\">\n\t                La Fiabilit\u00e9 sans compromis\t            <\/h3>\t            <div class=\"cs-title-text\">\n\t                <p>Avec notre syst\u00e8me de r\u00e9servation s\u00e9curis\u00e9 via <b data-path-to-node=\"10,1,0\" data-index-in-node=\"77\">Stripe<\/b> et la gestion des cautions simplifi\u00e9e par <b data-path-to-node=\"10,1,0\" data-index-in-node=\"126\">Swikly<\/b>, vous voyagez sans stress financier. Aucun frais cach\u00e9, aucune mauvaise surprise.<\/p>\t            <\/div>        <\/div>\t\t\t\t<\/div>\n\t\t\t\t<\/div>\n\t\t\t\t<div class=\"elementor-element elementor-element-ef315cf elementor-widget elementor-widget-cs_title\" data-id=\"ef315cf\" data-element_type=\"widget\" data-e-type=\"widget\" data-widget_type=\"cs_title.default\">\n\t\t\t\t<div class=\"elementor-widget-container\">\n\t\t\t\t\t\n        <div class=\"cs-title-wrap\">\t            <h3 class=\"cs-title\">\n\t                L\u2019Engagement Humain\t            <\/h3>\t            <div class=\"cs-title-text\">\n\t                <p>Derri\u00e8re votre \u00e9cran, il y a une \u00e9quipe d&rsquo;experts passionn\u00e9s. Nous sommes disponibles 7j\/7 pour vous accompagner, de la recherche du lieu id\u00e9al jusqu&rsquo;\u00e0 votre retour \u00e0 la maison.<\/p>\t            <\/div>        <\/div>\t\t\t\t<\/div>\n\t\t\t\t<\/div>\n\t\t\t\t<\/div>\n\t\t\t\t<\/div>\n\t\t\t\t\t<\/div>\n\t\t\t\t<\/div>\n\t\t\t\t<\/div>\n\t\t\t\t<section class=\"elementor-section elementor-top-section elementor-element elementor-element-71aab1c cs-section-content-fullwidth elementor-section-boxed elementor-section-height-default elementor-section-height-default\" data-id=\"71aab1c\" data-element_type=\"section\" data-e-type=\"section\" data-settings=\"{&quot;background_background&quot;:&quot;classic&quot;}\">\n\t\t\t\t\t\t<div class=\"elementor-container elementor-column-gap-no\">\n\t\t\t\t\t<div class=\"elementor-column elementor-col-100 elementor-top-column elementor-element elementor-element-a6e9145\" data-id=\"a6e9145\" data-element_type=\"column\" data-e-type=\"column\">\n\t\t\t<div class=\"elementor-widget-wrap elementor-element-populated\">\n\t\t\t\t\t\t<div class=\"elementor-element elementor-element-30f47d6 premium-header-block elementor-widget__width-initial premium-lq__none premium-box-lq__none elementor-widget elementor-widget-premium-addon-dual-header\" data-id=\"30f47d6\" data-element_type=\"widget\" data-e-type=\"widget\" data-widget_type=\"premium-addon-dual-header.default\">\n\t\t\t\t\t\n\t\t<div class=\"elementor-widget-container\">\n\t\t\t\t\t<h2 class=\"premium-dual-header-first-header \"><span class=\"premium-dual-header-first-span\">Notre vision, notre engagement <\/span><span class=\"premium-dual-header-second-header \">Nous ne sommes pas une plateforme de location anonyme. Nous sommes une s\u00e9lection d'adresses de caract\u00e8re, choisies pour leur \u00e2me, leur silence et leur capacit\u00e9 \u00e0 vous offrir cette d\u00e9connexion dont vous avez besoin. Notre mission est simple : faire en sorte que votre prochain s\u00e9jour ne soit pas juste une parenth\u00e8se, mais un souvenir durable.<\/span><\/h2> \t\t\t\t<\/div>\n\n\t\t\t\t\t\t<\/div>\n\t\t\t\t<div class=\"elementor-element elementor-element-03cab6b elementor-widget elementor-widget-cs_info_box\" data-id=\"03cab6b\" data-element_type=\"widget\" data-e-type=\"widget\" data-widget_type=\"cs_info_box.default\">\n\t\t\t\t<div class=\"elementor-widget-container\">\n\t\t\t\t\t\n\t\t\t<div class=\"cs-info-box column-3 valign-top img-left tablet-column-1\">\n                <div class=\"cs-info-box-wrap\">                    <div class=\"cs-info-box-item elementor-repeater-item-cccff81\">\n                    \t<div class=\"cs-item-container\">\t                        <div class=\"cs-info-box-img\"><i aria-hidden=\"true\" class=\"flaticon flaticon-car\"><\/i>\t                        <\/div>\t                        <div class=\"cs-info-box-content\">\n\t                            <h5 class=\"cs-title cs-info-box-title\">Airport Pick-up Service\t\t\t\t\t\t\t\t<\/h5>\t                            \t<div class=\"cs-info-box-text\"><p>Lorem ipsum proin gravida velit auctor sde re sit amet space.<\/p><\/div>\t                        <\/div>\t                    <\/div>\n                    <\/div>                    <div class=\"cs-info-box-item elementor-repeater-item-6c33aa7\">\n                    \t<div class=\"cs-item-container\">\t                        <div class=\"cs-info-box-img\"><i aria-hidden=\"true\" class=\"flaticon flaticon-customer-service\"><\/i>\t                        <\/div>\t                        <div class=\"cs-info-box-content\">\n\t                            <h5 class=\"cs-title cs-info-box-title\">Housekeeper Services\t\t\t\t\t\t\t\t<\/h5>\t                            \t<div class=\"cs-info-box-text\"><p>Lorem ipsum proin gravida velit auctor sde re sit amet space.<\/p><\/div>\t                        <\/div>\t                    <\/div>\n                    <\/div>                    <div class=\"cs-info-box-item elementor-repeater-item-0a01fb1\">\n                    \t<div class=\"cs-item-container\">\t                        <div class=\"cs-info-box-img\"><i aria-hidden=\"true\" class=\"flaticon flaticon-wifi-2\"><\/i>\t                        <\/div>\t                        <div class=\"cs-info-box-content\">\n\t                            <h5 class=\"cs-title cs-info-box-title\">Wifi & Internet\t\t\t\t\t\t\t\t<\/h5>\t                            \t<div class=\"cs-info-box-text\"><p>Lorem ipsum proin gravida velit auctor sde re sit amet space.<\/p><\/div>\t                        <\/div>\t                    <\/div>\n                    <\/div>                    <div class=\"cs-info-box-item elementor-repeater-item-bb40a8b\">\n                    \t<div class=\"cs-item-container\">\t                        <div class=\"cs-info-box-img\"><i aria-hidden=\"true\" class=\"flaticon flaticon-laundry-service\"><\/i>\t                        <\/div>\t                        <div class=\"cs-info-box-content\">\n\t                            <h5 class=\"cs-title cs-info-box-title\">Laundry Services\t\t\t\t\t\t\t\t<\/h5>\t                            \t<div class=\"cs-info-box-text\"><p>Lorem ipsum proin gravida velit auctor sde re sit amet space.<\/p><\/div>\t                        <\/div>\t                    <\/div>\n                    <\/div>                    <div class=\"cs-info-box-item elementor-repeater-item-55da29c\">\n                    \t<div class=\"cs-item-container\">\t                        <div class=\"cs-info-box-img\"><i aria-hidden=\"true\" class=\"flaticon flaticon-breakfast-3\"><\/i>\t                        <\/div>\t                        <div class=\"cs-info-box-content\">\n\t                            <h5 class=\"cs-title cs-info-box-title\">Breakfast in Bed\t\t\t\t\t\t\t\t<\/h5>\t                            \t<div class=\"cs-info-box-text\"><p>Lorem ipsum proin gravida velit auctor sde re sit amet space.<\/p><\/div>\t                        <\/div>\t                    <\/div>\n                    <\/div>                    <div class=\"cs-info-box-item elementor-repeater-item-f41bbb4\">\n                    \t<div class=\"cs-item-container\">\t                        <div class=\"cs-info-box-img\"><i aria-hidden=\"true\" class=\"flaticon flaticon-parking\"><\/i>\t                        <\/div>\t                        <div class=\"cs-info-box-content\">\n\t                            <h5 class=\"cs-title cs-info-box-title\">Private Parking Space\t\t\t\t\t\t\t\t<\/h5>\t                            \t<div class=\"cs-info-box-text\"><p>Lorem ipsum proin gravida velit auctor sde re sit amet space.<\/p><\/div>\t                        <\/div>\t                    <\/div>\n                    <\/div>                    <div class=\"cs-info-box-item elementor-repeater-item-0bf7877\">\n                    \t<div class=\"cs-item-container\">\t                        <div class=\"cs-info-box-img\"><i aria-hidden=\"true\" class=\"flaticon flaticon-treadmill\"><\/i>\t                        <\/div>\t                        <div class=\"cs-info-box-content\">\n\t                            <h5 class=\"cs-title cs-info-box-title\">Fitness Center\t\t\t\t\t\t\t\t<\/h5>\t                            \t<div class=\"cs-info-box-text\"><p>Lorem ipsum proin gravida velit auctor sde re sit amet space.<\/p><\/div>\t                        <\/div>\t                    <\/div>\n                    <\/div>                    <div class=\"cs-info-box-item elementor-repeater-item-3379dfb\">\n                    \t<div class=\"cs-item-container\">\t                        <div class=\"cs-info-box-img\"><i aria-hidden=\"true\" class=\"flaticon flaticon-pool-1\"><\/i>\t                        <\/div>\t                        <div class=\"cs-info-box-content\">\n\t                            <h5 class=\"cs-title cs-info-box-title\">Infinity Pool\t\t\t\t\t\t\t\t<\/h5>\t                            \t<div class=\"cs-info-box-text\"><p>Lorem ipsum proin gravida velit auctor sde re sit amet space.<\/p><\/div>\t                        <\/div>\t                    <\/div>\n                    <\/div>                    <div class=\"cs-info-box-item elementor-repeater-item-5d61583\">\n                    \t<div class=\"cs-item-container\">\t                        <div class=\"cs-info-box-img\"><i aria-hidden=\"true\" class=\"flaticon flaticon-massage-1\"><\/i>\t                        <\/div>\t                        <div class=\"cs-info-box-content\">\n\t                            <h5 class=\"cs-title cs-info-box-title\">Wellness Center\t\t\t\t\t\t\t\t<\/h5>\t                            \t<div class=\"cs-info-box-text\"><p>Lorem ipsum proin gravida velit auctor sde re sit amet space.<\/p><\/div>\t                        <\/div>\t                    <\/div>\n                    <\/div>\t\t\t\t<\/div>\n\t\t\t<\/div>\t\t\t\t<\/div>\n\t\t\t\t<\/div>\n\t\t\t\t\t<\/div>\n\t\t<\/div>\n\t\t\t\t\t<\/div>\n\t\t<\/section>\n\t\t\t\t<\/div>\n\t\t","protected":false},"excerpt":{"rendered":"<p>\u00c0 propos de sejour-parfait Notre vision, notre engagement Nous ne sommes pas une plateforme de location anonyme. Nous sommes une s\u00e9lection d&rsquo;adresses de caract\u00e8re, choisies pour leur \u00e2me, leur silence et leur capacit\u00e9 \u00e0 vous offrir cette d\u00e9connexion dont vous avez besoin. Notre mission est simple : faire en sorte que votre prochain s\u00e9jour ne &#8230;<\/p>\n","protected":false},"author":1,"featured_media":0,"parent":0,"menu_order":0,"comment_status":"closed","ping_status":"closed","template":"template-wide-content.php","meta":{"cozystay_single_page_hide_site_header":"","cozystay_single_page_site_header_source":"","cozystay_single_page_custom_site_header":"0","cozystay_single_page_custom_sticky_site_header":"0","cozystay_single_page_hide_page_title":"on","cozystay_single_page_header_section_size":"","cozystay_single_page_header_background_color":"","cozystay_single_page_header_background_position_x":"center","cozystay_single_page_header_background_position_y":"center","cozystay_single_page_header_background_size":"cover","cozystay_single_page_header_background_repeat":"off","cozystay_single_page_header_background_scroll":"on","cozystay_single_page_header_text_color":"","cozystay_single_page_header_show_breadcrumb":"","cozystay_single_page_site_footer_hide_main":"","cozystay_single_custom_site_footer_main_source":"","cozystay_single_custom_site_footer_main":"0","cozystay_single_page_site_footer_hide_above":"","cozystay_single_custom_site_footer_above_source":"","cozystay_single_custom_site_footer_above":"0","cozystay_single_page_site_footer_hide_instagram":"","cozystay_single_page_site_footer_hide_bottom":"","cozystay_single_custom_mobile_menu_source":"","cozystay_single_custom_mobile_menu":"0","cozystay_single_custom_mobile_menu_animation":"","cozystay_single_custom_mobile_menu_width":"","cozystay_single_custom_mobile_menu_custom_width":375,"footnotes":""},"class_list":["post-73","page","type-page","status-publish","hentry"],"_links":{"self":[{"href":"https:\/\/sejour-parfait.com\/index.php?rest_route=\/wp\/v2\/pages\/73","targetHints":{"allow":["GET"]}}],"collection":[{"href":"https:\/\/sejour-parfait.com\/index.php?rest_route=\/wp\/v2\/pages"}],"about":[{"href":"https:\/\/sejour-parfait.com\/index.php?rest_route=\/wp\/v2\/types\/page"}],"author":[{"embeddable":true,"href":"https:\/\/sejour-parfait.com\/index.php?rest_route=\/wp\/v2\/users\/1"}],"replies":[{"embeddable":true,"href":"https:\/\/sejour-parfait.com\/index.php?rest_route=%2Fwp%2Fv2%2Fcomments&post=73"}],"version-history":[{"count":48,"href":"https:\/\/sejour-parfait.com\/index.php?rest_route=\/wp\/v2\/pages\/73\/revisions"}],"predecessor-version":[{"id":2296,"href":"https:\/\/sejour-parfait.com\/index.php?rest_route=\/wp\/v2\/pages\/73\/revisions\/2296"}],"wp:attachment":[{"href":"https:\/\/sejour-parfait.com\/index.php?rest_route=%2Fwp%2Fv2%2Fmedia&parent=73"}],"curies":[{"name":"wp","href":"https:\/\/api.w.org\/{rel}","templated":true}]}}