{"id":2231,"date":"2026-03-19T23:14:21","date_gmt":"2026-03-19T23:14:21","guid":{"rendered":"https:\/\/sejour-parfait.com\/?page_id=2231"},"modified":"2026-03-20T20:06:31","modified_gmt":"2026-03-20T20:06:31","slug":"fonctionnement-de-la-plateforme","status":"publish","type":"page","link":"https:\/\/sejour-parfait.com\/?page_id=2231","title":{"rendered":"Fonctionnement de la plateforme"},"content":{"rendered":"\t\t<div data-elementor-type=\"wp-page\" data-elementor-id=\"2231\" class=\"elementor elementor-2231\" data-elementor-post-type=\"page\">\n\t\t\t\t\t\t\t\t<div class=\"premium-shape-divider__shape-container\" id=\"premium-shape-divider-2f8db64\" style=\"visibility:hidden; position: absolute; opacity:0;\">\r\n\t\t\t\t\t<svg xmlns='http:\/\/www.w3.org\/2000\/svg' aria-hidden='true' viewBox='0 0 400 61.7' preserveAspectRatio='none'><path  d='M400,61.7V17.9c-0.1-1.1-0.4-3.5-0.4-3.5c0-0.4-4-1.2-4,1.2c0,1.3-3.9,1.7-3.9,3.1c0-1-5.1-0.5-5.1,0  c0,0.1-4,2.6-4,2.7c0-0.6-4.8,2.1-4.8,0.9c0-1.3-5,0-5,0.2c0,0.8-3.8,2.6-3.8,3.3c0,0.3-4.7,0.5-4.7,1c0-1.1-3.9,3.4-3.9,2.9  c0-0.2-5.1-0.4-5.1,0.1c0-1.1-4.4,1.1-4.4,1.6c0,2.3-4.3,2.6-4.3,3.4c0,0.8-5.3-2.8-5.3-2.1c0-1.2-5.3-0.6-5.3,0.2  c0-0.4-5.1,2.8-5.1,1.8c0,0.6-4.7-0.1-4.7,0.6c0,0.9-3.4,3-3.4,2.9c0,0.2-3.4,2.4-3.4,2.8c0,1.2-4.8,0.3-4.8,0.1  c0-0.5-4.5,0.5-4.5,0.4c0-0.3-4.6,2.7-4.6,3c0-0.5-4.7-1.4-4.7-2c0,1-4.6,2-4.6,0.9c0,1-4.7,0.8-4.7-0.7c0,0-4.7-0.8-4.7,0.1  c0-0.2-4.6,2.1-4.6,2.2c0-0.1-4.6-0.7-4.6,0.5c0,0.3-4.3-1-4.3-0.6c0-0.1-3.9-2.8-3.9-1.9c0-0.5-3.9-2.1-3.9-2.7c0,0.8-3-3.4-3-3.7  c0,0.1-3.9-1.1-3.9-2.7c0-0.2-4.6-0.2-4.6-0.9c0-0.4-5.1-0.5-5.1-0.7c0-0.2-3.7,3.5-3.7,3.8c0-1.4-3.9,3.1-3.9,2.8  c0-1-4.7,0.5-4.7,1.7c0,0.5-4,0.5-4,1.7c0,0.1-3.6,3.3-3.6,2.9c0-1.3-4.4-0.2-4.4,0.9c0,0.7-4.6-1.2-4.6-0.1c0-1.2-4.1,1.4-4.1,1.7  c0,0.9-4.5-1.6-4.5-0.9c0,1.1-4.1,3.2-4.1,2.7c0-0.1-4.4,1.1-4.4,0.7c0,0.6-4.4,0.1-4.4-0.9c0,1.6-4.4-2.1-4.4-1.8  c0,1.2-4.3,3.9-4.3,2.9c0,0.1-4.3-1.3-4.3-0.6c0,2.1-4.4,0.8-4.4,0.4c0-0.7-3.8-4-3.8-3.4c0-1.7-3.6-2.5-3.6-2.1  c0-0.3-4.2-1.4-4.2-1c0-0.4-4.1,0.4-4.1-1.5c0-1.1-4.6,0.8-4.6-0.6c0,0.2-3.1-3.9-3.1-4c0,0.7-4.4-2.2-4.4-1.6c0,1-4.4-1.6-4.4-1.6  c0-0.4-4.9,0.8-4.9,0.3c0,0.7-4.6-0.2-4.6-0.3c0,0.3-4.4-0.6-4.4-1.4c0-0.4-4.6-1.7-4.6-1.8c0,0.4-4.7,0.6-4.7,0.9  c0,0-4.5,3-4.5,1.4c0,1.9-4.4,0.9-4.4,1.4c0-0.2-5.2-2-5.2-1.8c0,0.6-4.2,2.5-4.2,2.2c0,1.2-3.7,3.9-3.7,3.5c0-0.2-4.4,0.9-4.4,1.6  c0,0.8-5.1-0.2-5.1-0.8c0,0.4-4.5,1.5-4.5,1.5c0,0.7-4.7-0.9-4.7-0.8c0,0.3-4.4-0.7-4.4-1.4c0-0.8-4.7-0.9-4.7-0.1  c0-0.1-4.4-2.5-4.4-1.4c0-0.3-5.1,2-5.1,0.9c0-1.3-4.1-2.5-4.1-2.5c0,0.1-4.5-1.3-4.5-2.5c0-0.6-4.8,3.5-4.8,2.2  c0-0.9-4.3,2.5-4.3,2.4c0-0.6-5.4-1.1-5.4-1.8c0-1.3-4.1,4.2-4.1,3c0-0.2-5.1-0.5-5.1-0.7c0-0.5-3.9,1.2-3.9,1.3  c0-0.3-4.1-0.6-4.1-0.3c0-0.4-4.3,1.3-4.3,1c0,0.2-4.6,0.8-4.6-0.2c0-0.1-2.8-2.7-2.8-3.8c0-2-4.3-0.8-4.3-2c0,0.6-4.5,0.8-4.5-1.6  c0,0.2-2.6-5.2-2.6-4.7c0,1-1.9,0.1-3.2-0.5l0,33.9H400z'\/><\/svg>\t\t\t\t<\/div>\r\n\t\t\t<div class=\"elementor-element elementor-element-2f8db64 premium-shape-divider-yes premium-shape8 e-con-full e-flex premium-shape-divider__default premium-shape-divider-anime-yes premium-sh-no-stretch-yes e-con e-parent\" data-id=\"2f8db64\" data-element_type=\"container\" data-e-type=\"container\" data-settings=\"{&quot;background_background&quot;:&quot;classic&quot;}\">\n\t\t\t\t<div class=\"elementor-element elementor-element-dee49eb premium-title-color elementor-widget elementor-widget-premium-addon-title\" data-id=\"dee49eb\" data-element_type=\"widget\" data-e-type=\"widget\" data-widget_type=\"premium-addon-title.default\">\n\t\t\t\t\t\r\n\t\t<div class=\"premium-title-container style1\">\r\n\t\t\t<h2 class=\"premium-title-header premium-title-style1\">\r\n\t\t\t\t\r\n\t\t\t\t\r\n\t\t\t\t\t\t\t\t\t\t\t\t<span class=\"premium-title-text\">\r\n\t\t\t\t\t\t\t\t\t<\/span>\r\n\t\t\t\t\t\r\n\t\t\t\t\t\t\t\t\r\n\t\t\t\t\t\t\t<\/h2>\r\n\r\n\t\t<\/div>\r\n\r\n\t\t\t\t\t\t<\/div>\n\t\t\t\t<\/div>\n\t\t<div class=\"elementor-element elementor-element-8fbd6b6 e-flex e-con-boxed e-con e-parent\" data-id=\"8fbd6b6\" data-element_type=\"container\" data-e-type=\"container\" data-settings=\"{&quot;background_background&quot;:&quot;classic&quot;}\">\n\t\t\t\t\t<div class=\"e-con-inner\">\n\t\t<div class=\"elementor-element elementor-element-e55e71d e-con-full e-flex e-con e-child\" data-id=\"e55e71d\" data-element_type=\"container\" data-e-type=\"container\">\n\t\t\t\t<div class=\"elementor-element elementor-element-97bea43 elementor-widget elementor-widget-cs_title\" data-id=\"97bea43\" data-element_type=\"widget\" data-e-type=\"widget\" data-widget_type=\"cs_title.default\">\n\t\t\t\t<div class=\"elementor-widget-container\">\n\t\t\t\t\t\n        <div class=\"cs-title-wrap\">\t            <h3 class=\"cs-title\">\n\t                Comment fonctionne la plateforme ?\t            <\/h3>\t            <div class=\"cs-title-text\">\n\t                <h5 class=\"mb16 mt0 mt8 heading-large\"><span style=\"color: #0a6299;\"><strong>Notre mission<\/strong><\/span><\/h5><div class=\"text-content\"><p>S\u00e9jour Parfait fonctionne comme un march\u00e9 proposant la plus grande s\u00e9lection au monde de locations de vacances mises \u00e0 disposition par plusieurs partenaires collaborant avec nous. Notre march\u00e9 compare en quelques secondes toutes les offres de ces partenaires et vous les propose en fonction des crit\u00e8res de classement d\u00e9finis ci-dessous.\u00a0<\/p><p>Le march\u00e9 int\u00e8gre un vaste inventaire en une seule recherche simple et permet aux utilisateurs de r\u00e9server des logements de divers partenaires, soit sur les sites Web externes de ces derniers, soit directement sur la plateforme S\u00e9jour Parfait. S\u00e9jour Parfait per\u00e7oit une commission de la part du fournisseur de r\u00e9servation connect\u00e9 pour chaque m\u00e9diation de r\u00e9servation r\u00e9ussie ou bien pour la g\u00e9n\u00e9ration d\u2019une recherche ou d\u2019un clic.<\/p><p>S\u00e9jour Parfait ne conclut pas de contrat de r\u00e9servation avec les voyageurs. Les contrats de location sont conclus directement avec le partenaire et\/ou le propri\u00e9taire de l\u2019h\u00e9bergement, peu importe que vous ayez \u00e9t\u00e9 redirig\u00e9 vers le site Web du partenaire pour finaliser votre r\u00e9servation ou que vous ayez saisi vos informations de r\u00e9servation directement sur notre plateforme (auquel cas nous transmettons les informations au partenaire, envers lequel vous \u00eates tenu de payer le montant de votre r\u00e9servation).\u00a0<\/p><p>Les r\u00e9clamations concernant une r\u00e9servation, une annulation ou une demande de remboursement doivent donc \u00eatre adress\u00e9es au partenaire. Toutefois, nous ferons de notre mieux pour vous aider dans le cadre de ces r\u00e9clamations, si cela est possible.\u00a0<\/p><h5 class=\"mb16 mt0 mt8 heading-large\"><strong><span style=\"color: #0a6299;\">Comment sont s\u00e9lectionn\u00e9es les offres que nous affichons sur notre plateforme ?<\/span><\/strong><\/h5><div class=\"text-content\"><p>Les offres que nous proposons ne sont pas exhaustives.\u00a0<\/p><p>Nous travaillons avec des milliers de partenaires de confiance. Pour que leurs offres soient r\u00e9pertori\u00e9es, ces partenaires doivent proposer des h\u00e9bergements touristiques \u00e0 la location, ou permettre aux propri\u00e9taires (professionnels ou non) de proposer des h\u00e9bergements \u00e0 la location et de conclure des contrats de location par leur interm\u00e9diaire.<\/p><p>Ces partenaires nous r\u00e9mun\u00e8rent selon les termes de l\u2019accord que nous concluons avec eux. Les partenaires qui ne paient pas S\u00e9jour Parfait ne sont pas r\u00e9pertori\u00e9s. Des offres peuvent \u00e9galement \u00eatre supprim\u00e9es si un partenaire ne respecte pas les termes de notre accord, si l\u2019accord prend fin ou pour d\u2019autres raisons l\u00e9gales.<\/p><h5 class=\"mb16 mt0 mt8 heading-large\"><strong><span style=\"color: #0a6299;\">M\u00e9thode et fr\u00e9quence de mise \u00e0 jour des offres<\/span><\/strong><\/h5><div class=\"text-content\"><p>Les prix et informations des offres affich\u00e9es sur notre plateforme sont d\u00e9termin\u00e9s et fournis par nos partenaires, par le biais d\u2019interfaces de programmation d\u2019applications (API), de flux statiques ou d\u2019autres outils techniques. Nos partenaires sont exclusivement responsables de l&rsquo;exactitude de ces prix et informations, que nous ne pouvons garantir.\u00a0<\/p><p>Les informations relatives aux offres sont mises \u00e0 jour par les m\u00eames moyens, au moins une fois par jour.\u00a0<\/p><h5 class=\"mb16 mt0 mt8 heading-large\"><strong><span style=\"color: #0a6299;\">Comment les offres sont-elles class\u00e9es ?<\/span><\/strong><\/h5><div class=\"text-content\"><p>L\u2019ordre de classement des offres est \u00e9galement d\u00e9termin\u00e9 par les pr\u00e9f\u00e9rences de classement que vous s\u00e9lectionnez\u00a0:\u00a0<\/p><p>Le classement par d\u00e9faut est bas\u00e9 sur la\u00a0<strong>popularit\u00e9<\/strong>\u00a0de l\u2019offre\u00a0: notre algorithme d\u2019auto-apprentissage classe les offres en fonction de leur pertinence pour le voyageur, sur la base des commentaires ou des attentes qu\u2019il a indiqu\u00e9s sur notre service (par exemple, emplacement de la propri\u00e9t\u00e9, nombre de voyageurs, prix, pr\u00e9f\u00e9rences, commodit\u00e9s souhait\u00e9es, etc.). L\u2019objectif est de faire en sorte que les r\u00e9sultats de la recherche correspondent aux besoins du voyageur.\u00a0<\/p><p><strong>Meilleur prix<\/strong>: un sous-groupe des offres les plus pertinentes est s\u00e9lectionn\u00e9 et class\u00e9 par ordre croissant de prix. Le prix est indiqu\u00e9 par s\u00e9jour (ou par nuit, si ce crit\u00e8re est s\u00e9lectionn\u00e9) en fonction de votre choix et selon le nombre de voyageurs indiqu\u00e9.\u00a0<\/p><p>Le classement des offres sur les pages de r\u00e9sultats de recherche de notre plateforme est bas\u00e9 sur un algorithme dynamique d\u2019auto-apprentissage qui \u00e9volue dans le temps et peut varier en fonction de diff\u00e9rents facteurs, tels que\u00a0:<\/p><p>La combinaison particuli\u00e8re de crit\u00e8res de recherche que vous saisissez sur notre plateforme\u00a0: ces crit\u00e8res peuvent inclure des variables telles que la destination, le prix, le nombre de voyageurs, le type d\u2019h\u00e9bergement, les commodit\u00e9s sp\u00e9cifiques de la propri\u00e9t\u00e9 (par exemple, la pr\u00e9sence d\u2019une piscine).\u00a0<\/p><p>La qualit\u00e9 des offres\u00a0: une fois que les offres correspondent aux crit\u00e8res de recherche, d\u2019autres attributs de qualit\u00e9 tels que la popularit\u00e9 de l\u2019offre, les commodit\u00e9s ou les interactions de l\u2019utilisateur (par exemple, le nombre de fois o\u00f9 le voyageur a cliqu\u00e9 sur l\u2019offre et\/ou les d\u00e9tails affich\u00e9s) influencent le tri final des offres.\u00a0<\/p><p>La commission re\u00e7ue par S\u00e9jour Parfait de la part des partenaires : la commission affecte \u00e9galement l\u2019affichage et le tri des r\u00e9sultats de recherche, bien qu\u2019elle ne soit pas le facteur pr\u00e9dominant et qu\u2019elle soit toujours utilis\u00e9e en combinaison avec d\u2019autres facteurs.<\/p><p>Finalement, la mission de S\u00e9jour Parfait est de fournir aux voyageurs les informations et les outils qui leur permettront de trouver un logement id\u00e9al, parmi un tr\u00e8s grand nombre d\u2019offres disponibles.<\/p><\/div><\/div><\/div><\/div>\t            <\/div>        <\/div>\t\t\t\t<\/div>\n\t\t\t\t<\/div>\n\t\t\t\t<\/div>\n\t\t\t\t\t<\/div>\n\t\t\t\t<\/div>\n\t\t\t\t<\/div>\n\t\t","protected":false},"excerpt":{"rendered":"<p>Comment fonctionne la plateforme ? Notre mission S\u00e9jour Parfait fonctionne comme un march\u00e9 proposant la plus grande s\u00e9lection au monde de locations de vacances mises \u00e0 disposition par plusieurs partenaires collaborant avec nous. Notre march\u00e9 compare en quelques secondes toutes les offres de ces partenaires et vous les propose en fonction des crit\u00e8res de classement &#8230;<\/p>\n","protected":false},"author":1,"featured_media":0,"parent":0,"menu_order":0,"comment_status":"closed","ping_status":"closed","template":"elementor_header_footer","meta":{"cozystay_single_page_hide_site_header":"","cozystay_single_page_site_header_source":"","cozystay_single_page_custom_site_header":"0","cozystay_single_page_custom_sticky_site_header":"0","cozystay_single_page_hide_page_title":"","cozystay_single_page_header_section_size":"","cozystay_single_page_header_background_color":"","cozystay_single_page_header_background_position_x":"center","cozystay_single_page_header_background_position_y":"center","cozystay_single_page_header_background_size":"cover","cozystay_single_page_header_background_repeat":"off","cozystay_single_page_header_background_scroll":"on","cozystay_single_page_header_text_color":"","cozystay_single_page_header_show_breadcrumb":"","cozystay_single_page_site_footer_hide_main":"","cozystay_single_custom_site_footer_main_source":"","cozystay_single_custom_site_footer_main":"0","cozystay_single_page_site_footer_hide_above":"","cozystay_single_custom_site_footer_above_source":"","cozystay_single_custom_site_footer_above":"0","cozystay_single_page_site_footer_hide_instagram":"","cozystay_single_page_site_footer_hide_bottom":"","cozystay_single_custom_mobile_menu_source":"","cozystay_single_custom_mobile_menu":"0","cozystay_single_custom_mobile_menu_animation":"","cozystay_single_custom_mobile_menu_width":"","cozystay_single_custom_mobile_menu_custom_width":375,"footnotes":""},"class_list":["post-2231","page","type-page","status-publish","hentry"],"_links":{"self":[{"href":"https:\/\/sejour-parfait.com\/index.php?rest_route=\/wp\/v2\/pages\/2231","targetHints":{"allow":["GET"]}}],"collection":[{"href":"https:\/\/sejour-parfait.com\/index.php?rest_route=\/wp\/v2\/pages"}],"about":[{"href":"https:\/\/sejour-parfait.com\/index.php?rest_route=\/wp\/v2\/types\/page"}],"author":[{"embeddable":true,"href":"https:\/\/sejour-parfait.com\/index.php?rest_route=\/wp\/v2\/users\/1"}],"replies":[{"embeddable":true,"href":"https:\/\/sejour-parfait.com\/index.php?rest_route=%2Fwp%2Fv2%2Fcomments&post=2231"}],"version-history":[{"count":16,"href":"https:\/\/sejour-parfait.com\/index.php?rest_route=\/wp\/v2\/pages\/2231\/revisions"}],"predecessor-version":[{"id":2322,"href":"https:\/\/sejour-parfait.com\/index.php?rest_route=\/wp\/v2\/pages\/2231\/revisions\/2322"}],"wp:attachment":[{"href":"https:\/\/sejour-parfait.com\/index.php?rest_route=%2Fwp%2Fv2%2Fmedia&parent=2231"}],"curies":[{"name":"wp","href":"https:\/\/api.w.org\/{rel}","templated":true}]}}