{"id":2227,"date":"2026-03-19T23:13:04","date_gmt":"2026-03-19T23:13:04","guid":{"rendered":"https:\/\/sejour-parfait.com\/?page_id=2227"},"modified":"2026-03-20T20:39:02","modified_gmt":"2026-03-20T20:39:02","slug":"politique-de-confidentialite","status":"publish","type":"page","link":"https:\/\/sejour-parfait.com\/?page_id=2227","title":{"rendered":"Politique de Confidentialit\u00e9"},"content":{"rendered":"\t\t<div data-elementor-type=\"wp-page\" data-elementor-id=\"2227\" class=\"elementor elementor-2227\" data-elementor-post-type=\"page\">\n\t\t\t\t\t\t\t\t<div class=\"premium-shape-divider__shape-container\" id=\"premium-shape-divider-aa09a4c\" style=\"visibility:hidden; position: absolute; opacity:0;\">\r\n\t\t\t\t\t<svg xmlns='http:\/\/www.w3.org\/2000\/svg' aria-hidden='true' viewBox='0 0 400 61.7' preserveAspectRatio='none'><path  d='M400,61.7V17.9c-0.1-1.1-0.4-3.5-0.4-3.5c0-0.4-4-1.2-4,1.2c0,1.3-3.9,1.7-3.9,3.1c0-1-5.1-0.5-5.1,0  c0,0.1-4,2.6-4,2.7c0-0.6-4.8,2.1-4.8,0.9c0-1.3-5,0-5,0.2c0,0.8-3.8,2.6-3.8,3.3c0,0.3-4.7,0.5-4.7,1c0-1.1-3.9,3.4-3.9,2.9  c0-0.2-5.1-0.4-5.1,0.1c0-1.1-4.4,1.1-4.4,1.6c0,2.3-4.3,2.6-4.3,3.4c0,0.8-5.3-2.8-5.3-2.1c0-1.2-5.3-0.6-5.3,0.2  c0-0.4-5.1,2.8-5.1,1.8c0,0.6-4.7-0.1-4.7,0.6c0,0.9-3.4,3-3.4,2.9c0,0.2-3.4,2.4-3.4,2.8c0,1.2-4.8,0.3-4.8,0.1  c0-0.5-4.5,0.5-4.5,0.4c0-0.3-4.6,2.7-4.6,3c0-0.5-4.7-1.4-4.7-2c0,1-4.6,2-4.6,0.9c0,1-4.7,0.8-4.7-0.7c0,0-4.7-0.8-4.7,0.1  c0-0.2-4.6,2.1-4.6,2.2c0-0.1-4.6-0.7-4.6,0.5c0,0.3-4.3-1-4.3-0.6c0-0.1-3.9-2.8-3.9-1.9c0-0.5-3.9-2.1-3.9-2.7c0,0.8-3-3.4-3-3.7  c0,0.1-3.9-1.1-3.9-2.7c0-0.2-4.6-0.2-4.6-0.9c0-0.4-5.1-0.5-5.1-0.7c0-0.2-3.7,3.5-3.7,3.8c0-1.4-3.9,3.1-3.9,2.8  c0-1-4.7,0.5-4.7,1.7c0,0.5-4,0.5-4,1.7c0,0.1-3.6,3.3-3.6,2.9c0-1.3-4.4-0.2-4.4,0.9c0,0.7-4.6-1.2-4.6-0.1c0-1.2-4.1,1.4-4.1,1.7  c0,0.9-4.5-1.6-4.5-0.9c0,1.1-4.1,3.2-4.1,2.7c0-0.1-4.4,1.1-4.4,0.7c0,0.6-4.4,0.1-4.4-0.9c0,1.6-4.4-2.1-4.4-1.8  c0,1.2-4.3,3.9-4.3,2.9c0,0.1-4.3-1.3-4.3-0.6c0,2.1-4.4,0.8-4.4,0.4c0-0.7-3.8-4-3.8-3.4c0-1.7-3.6-2.5-3.6-2.1  c0-0.3-4.2-1.4-4.2-1c0-0.4-4.1,0.4-4.1-1.5c0-1.1-4.6,0.8-4.6-0.6c0,0.2-3.1-3.9-3.1-4c0,0.7-4.4-2.2-4.4-1.6c0,1-4.4-1.6-4.4-1.6  c0-0.4-4.9,0.8-4.9,0.3c0,0.7-4.6-0.2-4.6-0.3c0,0.3-4.4-0.6-4.4-1.4c0-0.4-4.6-1.7-4.6-1.8c0,0.4-4.7,0.6-4.7,0.9  c0,0-4.5,3-4.5,1.4c0,1.9-4.4,0.9-4.4,1.4c0-0.2-5.2-2-5.2-1.8c0,0.6-4.2,2.5-4.2,2.2c0,1.2-3.7,3.9-3.7,3.5c0-0.2-4.4,0.9-4.4,1.6  c0,0.8-5.1-0.2-5.1-0.8c0,0.4-4.5,1.5-4.5,1.5c0,0.7-4.7-0.9-4.7-0.8c0,0.3-4.4-0.7-4.4-1.4c0-0.8-4.7-0.9-4.7-0.1  c0-0.1-4.4-2.5-4.4-1.4c0-0.3-5.1,2-5.1,0.9c0-1.3-4.1-2.5-4.1-2.5c0,0.1-4.5-1.3-4.5-2.5c0-0.6-4.8,3.5-4.8,2.2  c0-0.9-4.3,2.5-4.3,2.4c0-0.6-5.4-1.1-5.4-1.8c0-1.3-4.1,4.2-4.1,3c0-0.2-5.1-0.5-5.1-0.7c0-0.5-3.9,1.2-3.9,1.3  c0-0.3-4.1-0.6-4.1-0.3c0-0.4-4.3,1.3-4.3,1c0,0.2-4.6,0.8-4.6-0.2c0-0.1-2.8-2.7-2.8-3.8c0-2-4.3-0.8-4.3-2c0,0.6-4.5,0.8-4.5-1.6  c0,0.2-2.6-5.2-2.6-4.7c0,1-1.9,0.1-3.2-0.5l0,33.9H400z'\/><\/svg>\t\t\t\t<\/div>\r\n\t\t\t<div class=\"elementor-element elementor-element-aa09a4c premium-shape-divider-yes premium-shape8 e-con-full e-flex premium-shape-divider__default premium-shape-divider-anime-yes premium-sh-no-stretch-yes e-con e-parent\" data-id=\"aa09a4c\" data-element_type=\"container\" data-e-type=\"container\" data-settings=\"{&quot;background_background&quot;:&quot;classic&quot;}\">\n\t\t\t\t<div class=\"elementor-element elementor-element-4ddf73e premium-title-color elementor-widget elementor-widget-premium-addon-title\" data-id=\"4ddf73e\" data-element_type=\"widget\" data-e-type=\"widget\" data-widget_type=\"premium-addon-title.default\">\n\t\t\t\t\t\r\n\t\t<div class=\"premium-title-container style1\">\r\n\t\t\t<h2 class=\"premium-title-header premium-title-style1\">\r\n\t\t\t\t\r\n\t\t\t\t\r\n\t\t\t\t\t\t\t\t\t\t\t\t<span class=\"premium-title-text\">\r\n\t\t\t\t\t\t\t\t\t<\/span>\r\n\t\t\t\t\t\r\n\t\t\t\t\t\t\t\t\r\n\t\t\t\t\t\t\t<\/h2>\r\n\r\n\t\t<\/div>\r\n\r\n\t\t\t\t\t\t<\/div>\n\t\t\t\t<\/div>\n\t\t<div class=\"elementor-element elementor-element-635cad5 e-flex e-con-boxed e-con e-parent\" data-id=\"635cad5\" data-element_type=\"container\" data-e-type=\"container\" data-settings=\"{&quot;background_background&quot;:&quot;classic&quot;}\">\n\t\t\t\t\t<div class=\"e-con-inner\">\n\t\t<div class=\"elementor-element elementor-element-73996f2 e-con-full e-flex e-con e-child\" data-id=\"73996f2\" data-element_type=\"container\" data-e-type=\"container\">\n\t\t\t\t<div class=\"elementor-element elementor-element-049498c elementor-widget elementor-widget-cs_title\" data-id=\"049498c\" data-element_type=\"widget\" data-e-type=\"widget\" data-widget_type=\"cs_title.default\">\n\t\t\t\t<div class=\"elementor-widget-container\">\n\t\t\t\t\t\n        <div class=\"cs-title-wrap\">\t            <h3 class=\"cs-title\">\n\t                Politique de Confidentialit\u00e9 &amp; Protection des Donn\u00e9es - sejour-parfait\t            <\/h3>\t            <div class=\"cs-title-text\">\n\t                <h5 data-path-to-node=\"4\"><strong><span style=\"color: #0a6299;\"><br \/>1. Pr\u00e9ambule : Notre engagement<\/span><\/strong><\/h5><p data-path-to-node=\"5\">Chez <b data-path-to-node=\"5\" data-index-in-node=\"5\">sejour-parfait<\/b>, la confiance est la base de notre relation. Cette page vous explique de mani\u00e8re transparente comment nous collectons, utilisons et prot\u00e9geons vos donn\u00e9es personnelles lorsque vous utilisez notre site ou r\u00e9servez un de nos refuges.<\/p><h5 data-path-to-node=\"6\"><strong><span style=\"color: #0a6299;\">2. Quelles donn\u00e9es collectons-nous ?<\/span><\/strong><\/h5><p data-path-to-node=\"7\">Nous ne collectons que ce qui est strictement n\u00e9cessaire pour assurer votre s\u00e9jour :<\/p><ul data-path-to-node=\"8\"><li><p data-path-to-node=\"8,0,0\"><b data-path-to-node=\"8,0,0\" data-index-in-node=\"0\">Donn\u00e9es d&rsquo;identit\u00e9 :<\/b> Nom, pr\u00e9nom, adresse e-mail, num\u00e9ro de t\u00e9l\u00e9phone.<\/p><\/li><li><p data-path-to-node=\"8,1,0\"><b data-path-to-node=\"8,1,0\" data-index-in-node=\"0\">Donn\u00e9es de r\u00e9servation :<\/b> Dates de s\u00e9jour, nombre de voyageurs, pr\u00e9f\u00e9rences.<\/p><\/li><li><p data-path-to-node=\"8,2,0\"><b data-path-to-node=\"8,2,0\" data-index-in-node=\"0\">Donn\u00e9es techniques :<\/b> Adresse IP, type de navigateur (via nos outils d&rsquo;analyse et cookies).<\/p><\/li><li><p data-path-to-node=\"8,3,0\"><b data-path-to-node=\"8,3,0\" data-index-in-node=\"0\">Donn\u00e9es de paiement :<\/b> <i data-path-to-node=\"8,3,0\" data-index-in-node=\"22\">Note importante :<\/i> Vos coordonn\u00e9es bancaires ne transitent jamais par nos serveurs, elles sont trait\u00e9es de mani\u00e8re s\u00e9curis\u00e9e par notre partenaire <b data-path-to-node=\"8,3,0\" data-index-in-node=\"167\">Stripe<\/b>.<\/p><\/li><\/ul><h5 data-path-to-node=\"9\"><strong><span style=\"color: #0a6299;\">3. Pourquoi utilisons-nous vos donn\u00e9es ?<\/span><\/strong><\/h5><ul data-path-to-node=\"10\"><li><p data-path-to-node=\"10,0,0\"><b data-path-to-node=\"10,0,0\" data-index-in-node=\"0\">Pour g\u00e9rer vos r\u00e9servations :<\/b> Traitement des paiements, envoi des confirmations et instructions d&rsquo;arriv\u00e9e.<\/p><\/li><li><p data-path-to-node=\"10,1,0\"><b data-path-to-node=\"10,1,0\" data-index-in-node=\"0\">Pour votre s\u00e9curit\u00e9 :<\/b> Gestion des cautions via <b data-path-to-node=\"10,1,0\" data-index-in-node=\"47\">Swikly<\/b> et v\u00e9rification des profils.<\/p><\/li><li><p data-path-to-node=\"10,2,0\"><b data-path-to-node=\"10,2,0\" data-index-in-node=\"0\">Pour am\u00e9liorer votre exp\u00e9rience :<\/b> Personnalisation de nos recommandations de destinations.<\/p><\/li><li><p data-path-to-node=\"10,3,0\"><b data-path-to-node=\"10,3,0\" data-index-in-node=\"0\">Pour communiquer :<\/b> Envoi de newsletters (seulement si vous y avez consenti).<\/p><\/li><\/ul><h5 data-path-to-node=\"11\"><strong><span style=\"color: #0a6299;\">4. Vos donn\u00e9es sont-elles partag\u00e9es ?<\/span><\/strong><\/h5><p data-path-to-node=\"12\">Nous ne vendons <b data-path-to-node=\"12\" data-index-in-node=\"16\">jamais<\/b> vos donn\u00e9es. Elles ne sont transmises qu&rsquo;aux tiers indispensables au bon d\u00e9roulement de votre s\u00e9jour :<\/p><ul data-path-to-node=\"13\"><li><p data-path-to-node=\"13,0,0\"><b data-path-to-node=\"13,0,0\" data-index-in-node=\"0\">Stripe :<\/b> Pour le paiement s\u00e9curis\u00e9.<\/p><\/li><li><p data-path-to-node=\"13,1,0\"><b data-path-to-node=\"13,1,0\" data-index-in-node=\"0\">Swikly :<\/b> Pour la gestion de votre caution.<\/p><\/li><li><p data-path-to-node=\"13,2,0\"><b data-path-to-node=\"13,2,0\" data-index-in-node=\"0\">\u00c9quipes locales :<\/b> Pour assurer le m\u00e9nage ou l&rsquo;accueil si n\u00e9cessaire.<\/p><\/li><li><p data-path-to-node=\"13,3,0\"><i data-path-to-node=\"13,3,0\" data-index-in-node=\"0\">Le cas \u00e9ch\u00e9ant :<\/i> Obligations l\u00e9gales (autorit\u00e9s administratives si requis par la loi).<\/p><\/li><\/ul><h5 data-path-to-node=\"14\"><strong><span style=\"color: #0a6299;\">5. Dur\u00e9e de conservation<\/span><\/strong><\/h5><ul data-path-to-node=\"15\"><li><p data-path-to-node=\"15,0,0\"><b data-path-to-node=\"15,0,0\" data-index-in-node=\"0\">R\u00e9servations :<\/b> Nous conservons vos donn\u00e9es durant la dur\u00e9e n\u00e9cessaire \u00e0 la gestion de votre contrat, puis conform\u00e9ment aux obligations comptables (g\u00e9n\u00e9ralement 10 ans).<\/p><\/li><li><p data-path-to-node=\"15,1,0\"><b data-path-to-node=\"15,1,0\" data-index-in-node=\"0\">Newsletter :<\/b> Jusqu&rsquo;\u00e0 votre demande de d\u00e9sinscription.<\/p><\/li><li><p data-path-to-node=\"15,2,0\"><b data-path-to-node=\"15,2,0\" data-index-in-node=\"0\">Donn\u00e9es de navigation :<\/b> Maximum 13 mois pour les cookies.<\/p><\/li><\/ul><h5 data-path-to-node=\"16\"><strong><span style=\"color: #0a6299;\">6. Vos droits (RGPD)<\/span><\/strong><\/h5><p data-path-to-node=\"17\">Conform\u00e9ment au RGPD, vous disposez \u00e0 tout moment :<\/p><ul data-path-to-node=\"18\"><li><p data-path-to-node=\"18,0,0\">D&rsquo;un droit d&rsquo;acc\u00e8s et de rectification de vos donn\u00e9es.<\/p><\/li><li><p data-path-to-node=\"18,1,0\">D&rsquo;un droit \u00e0 l&rsquo;effacement (\u00ab droit \u00e0 l&rsquo;oubli \u00bb).<\/p><\/li><li><p data-path-to-node=\"18,2,0\">D&rsquo;un droit d&rsquo;opposition \u00e0 la prospection commerciale.<\/p><\/li><li><p data-path-to-node=\"18,3,0\">D&rsquo;un droit \u00e0 la portabilit\u00e9 de vos donn\u00e9es.<\/p><\/li><\/ul><p data-path-to-node=\"19\"><i data-path-to-node=\"19\" data-index-in-node=\"0\">Pour exercer ces droits, contactez notre d\u00e9l\u00e9gu\u00e9 \u00e0 la protection des donn\u00e9es \u00e0 : [votre-email-contact@sejour-parfait.fr]<\/i><\/p><h5 data-path-to-node=\"20\"><strong><span style=\"color: #0a6299;\">7. S\u00e9curit\u00e9 des donn\u00e9es<\/span><\/strong><\/h5><p data-path-to-node=\"21\">Nous mettons en \u0153uvre des mesures techniques (protocole HTTPS, chiffrement, serveurs s\u00e9curis\u00e9s) pour prot\u00e9ger vos donn\u00e9es contre toute perte, acc\u00e8s non autoris\u00e9 ou alt\u00e9ration.<\/p>\t            <\/div>        <\/div>\t\t\t\t<\/div>\n\t\t\t\t<\/div>\n\t\t\t\t<\/div>\n\t\t\t\t\t<\/div>\n\t\t\t\t<\/div>\n\t\t\t\t<\/div>\n\t\t","protected":false},"excerpt":{"rendered":"<p>Politique de Confidentialit\u00e9 &amp; Protection des Donn\u00e9es &#8211; sejour-parfait 1. Pr\u00e9ambule : Notre engagement Chez sejour-parfait, la confiance est la base de notre relation. Cette page vous explique de mani\u00e8re transparente comment nous collectons, utilisons et prot\u00e9geons vos donn\u00e9es personnelles lorsque vous utilisez notre site ou r\u00e9servez un de nos refuges. 2. Quelles donn\u00e9es collectons-nous &#8230;<\/p>\n","protected":false},"author":1,"featured_media":0,"parent":0,"menu_order":0,"comment_status":"closed","ping_status":"closed","template":"elementor_header_footer","meta":{"cozystay_single_page_hide_site_header":"","cozystay_single_page_site_header_source":"","cozystay_single_page_custom_site_header":"0","cozystay_single_page_custom_sticky_site_header":"0","cozystay_single_page_hide_page_title":"","cozystay_single_page_header_section_size":"","cozystay_single_page_header_background_color":"","cozystay_single_page_header_background_position_x":"center","cozystay_single_page_header_background_position_y":"center","cozystay_single_page_header_background_size":"cover","cozystay_single_page_header_background_repeat":"off","cozystay_single_page_header_background_scroll":"on","cozystay_single_page_header_text_color":"","cozystay_single_page_header_show_breadcrumb":"","cozystay_single_page_site_footer_hide_main":"","cozystay_single_custom_site_footer_main_source":"","cozystay_single_custom_site_footer_main":"0","cozystay_single_page_site_footer_hide_above":"","cozystay_single_custom_site_footer_above_source":"","cozystay_single_custom_site_footer_above":"0","cozystay_single_page_site_footer_hide_instagram":"","cozystay_single_page_site_footer_hide_bottom":"","cozystay_single_custom_mobile_menu_source":"","cozystay_single_custom_mobile_menu":"0","cozystay_single_custom_mobile_menu_animation":"","cozystay_single_custom_mobile_menu_width":"","cozystay_single_custom_mobile_menu_custom_width":375,"footnotes":""},"class_list":["post-2227","page","type-page","status-publish","hentry"],"_links":{"self":[{"href":"https:\/\/sejour-parfait.com\/index.php?rest_route=\/wp\/v2\/pages\/2227","targetHints":{"allow":["GET"]}}],"collection":[{"href":"https:\/\/sejour-parfait.com\/index.php?rest_route=\/wp\/v2\/pages"}],"about":[{"href":"https:\/\/sejour-parfait.com\/index.php?rest_route=\/wp\/v2\/types\/page"}],"author":[{"embeddable":true,"href":"https:\/\/sejour-parfait.com\/index.php?rest_route=\/wp\/v2\/users\/1"}],"replies":[{"embeddable":true,"href":"https:\/\/sejour-parfait.com\/index.php?rest_route=%2Fwp%2Fv2%2Fcomments&post=2227"}],"version-history":[{"count":7,"href":"https:\/\/sejour-parfait.com\/index.php?rest_route=\/wp\/v2\/pages\/2227\/revisions"}],"predecessor-version":[{"id":2352,"href":"https:\/\/sejour-parfait.com\/index.php?rest_route=\/wp\/v2\/pages\/2227\/revisions\/2352"}],"wp:attachment":[{"href":"https:\/\/sejour-parfait.com\/index.php?rest_route=%2Fwp%2Fv2%2Fmedia&parent=2227"}],"curies":[{"name":"wp","href":"https:\/\/api.w.org\/{rel}","templated":true}]}}